{"id":69,"date":"2020-04-30T02:25:13","date_gmt":"2020-04-30T02:25:13","guid":{"rendered":"https:\/\/christophergross.de\/?page_id=69"},"modified":"2026-01-20T20:29:13","modified_gmt":"2026-01-20T20:29:13","slug":"news","status":"publish","type":"page","link":"https:\/\/christophergross.de\/?page_id=69","title":{"rendered":"Videos\/Synchronproben"},"content":{"rendered":"\n<p>Auch vor der Kamera ist er zu sehen. Hier z.B. als etwas griesgr\u00e4miger &#8222;Dieter Baumeister&#8220; in der Serie &#8222;Gute Zeiten schlechte Zeiten&#8220; (GZSZ) auf RTL.  <\/p>\n\n\n\n<p class=\"has-text-align-right\"><em>Rechte\/copyright UFA\/RTL<\/em><\/p>\n\n\n\n<div style=\"max-width:720px\">\r\n<!--    Free  -->\r\n <video controls crossorigin playsinline class=\"player59\"  poster=\"https:\/\/christophergross.de\/wp-content\/uploads\/2020\/04\/GZSZS_2_19.jpg\">\r\n <source src=\"https:\/\/christophergross.de\/wp-content\/uploads\/2020\/04\/GZSZ_10_09_19_BaumeisterDrJoGerner.mp4\" type=\"video\/mp4\">\r\n  Your browser does not support the video tag.\r\n  \r\n\t \r\n<\/video>\r\n\r\n<script type=\"text\/javascript\">\r\n\r\nconst players59 = Plyr.setup('.player59', {\r\n\tfullscreen:{ enabled: true, fallback: true, iosNative: true },\r\n\r\n});\r\n<\/script>\r\n\r\n\r\n<\/div>\r\n\n\n\n\n<p>&#8211;<\/p>\n\n\n\n<p>Als Dan Fogler in Jay und Silent Bob<\/p>\n\n\n\n<div style=\"width:100%\">\r\n<!--    Free  -->\r\n <video controls crossorigin playsinline class=\"player122\"  >\r\n <source src=\"https:\/\/christophergross.de\/wp-content\/uploads\/2020\/05\/DanFogler.mp4\" type=\"video\/mp4\">\r\n  Your browser does not support the video tag.\r\n  \r\n\t \r\n<\/video>\r\n\r\n<script type=\"text\/javascript\">\r\n\r\nconst players122 = Plyr.setup('.player122', {\r\n\tfullscreen:{ enabled: true, fallback: true, iosNative: true },\r\n\r\n});\r\n<\/script>\r\n\r\n\r\n<\/div>\r\n\n\n\n\n<p>&#8211;<\/p>\n\n\n\n<p><a href=\"https:\/\/christophergross.de\/wp-admin\/post.php?post=107&amp;action=edit\">Rolle \u201eEric\u201c in Serie \u201eTeachers\u201c<\/a><\/p>\n\n\n\n<div style=\"width:100%\">\r\n<!--    Free  -->\r\n <video controls crossorigin playsinline class=\"player107\"  >\r\n <source src=\"https:\/\/christophergross.de\/wp-content\/uploads\/2020\/05\/Eric-in-Teachers.mp4\" type=\"video\/mp4\">\r\n  Your browser does not support the video tag.\r\n  \r\n\t \r\n<\/video>\r\n\r\n<script type=\"text\/javascript\">\r\n\r\nconst players107 = Plyr.setup('.player107', {\r\n\tfullscreen:{ enabled: true, fallback: true, iosNative: true },\r\n\r\n});\r\n<\/script>\r\n\r\n\r\n<\/div>\r\n\n\n\n\n<p><\/p>\n\n\n\n<p>&#8211;<\/p>\n\n\n\n<p>Rolle: Florent White in &#8222;Wu-Tang An American Saga&#8220;<\/p>\n\n\n\n<div style=\"width:100%\">\r\n<!--    Free  -->\r\n <video controls crossorigin playsinline class=\"player158\"  >\r\n <source src=\"\" type=\"video\/mp4\">\r\n  Your browser does not support the video tag.\r\n  \r\n\t \r\n<\/video>\r\n\r\n<script type=\"text\/javascript\">\r\n\r\nconst players158 = Plyr.setup('.player158', {\r\n\tfullscreen:{ enabled: true, fallback: true, iosNative: true },\r\n\r\n});\r\n<\/script>\r\n\r\n\r\n<\/div>\r\n\n\n\n\n<p>&#8211;<\/p>\n\n\n\n<p>Rolle: Will Shae in &#8222;The Murders&#8220;<\/p>\n\n\n\n<div style=\"width:100%\">\r\n<!--    Free  -->\r\n <video controls crossorigin playsinline class=\"player110\"  >\r\n <source src=\"https:\/\/christophergross.de\/wp-content\/uploads\/2020\/05\/WillShae_TheMurders.mp4\" type=\"video\/mp4\">\r\n  Your browser does not support the video tag.\r\n  \r\n\t \r\n<\/video>\r\n\r\n<script type=\"text\/javascript\">\r\n\r\nconst players110 = Plyr.setup('.player110', {\r\n\tfullscreen:{ enabled: true, fallback: true, iosNative: true },\r\n\r\n});\r\n<\/script>\r\n\r\n\r\n<\/div>\r\n\n\n\n\n<p>&#8211;<\/p>\n\n\n\n<p>Als Nic in &#8222;The Art of Self Defense&#8220;<\/p>\n\n\n\n<div style=\"width:100%\">\r\n<!--    Free  -->\r\n <video controls crossorigin playsinline class=\"player120\"  >\r\n <source src=\"https:\/\/christophergross.de\/wp-content\/uploads\/2020\/05\/Nic_TheArtOfSelfDefense.mp4\" type=\"video\/mp4\">\r\n  Your browser does not support the video tag.\r\n  \r\n\t \r\n<\/video>\r\n\r\n<script type=\"text\/javascript\">\r\n\r\nconst players120 = Plyr.setup('.player120', {\r\n\tfullscreen:{ enabled: true, fallback: true, iosNative: true },\r\n\r\n});\r\n<\/script>\r\n\r\n\r\n<\/div>\r\n\n\n\n\n<p>&#8211;<\/p>\n\n\n\n<p><\/p>\n\n\n\n<p>&#8211;<\/p>\n\n\n\n<p><\/p>\n\n\n\n<p>Synchronrollen-Mix<\/p>\n\n\n\n<div style=\"width:100%\">\r\n<!--    Free  -->\r\n <video controls crossorigin playsinline class=\"player115\"  >\r\n <source src=\"https:\/\/christophergross.de\/wp-content\/uploads\/2020\/05\/SynchronrollenMix_Small.mp4\" type=\"video\/mp4\">\r\n  Your browser does not support the video tag.\r\n  \r\n\t \r\n<\/video>\r\n\r\n<script type=\"text\/javascript\">\r\n\r\nconst players115 = Plyr.setup('.player115', {\r\n\tfullscreen:{ enabled: true, fallback: true, iosNative: true },\r\n\r\n});\r\n<\/script>\r\n\r\n\r\n<\/div>\r\n\n\n\n\n<p><\/p>\n\n\n\n<p><\/p>\n\n\n\n<p class=\"has-text-align-center\"><a href=\"http:\/\/www.schauspielervideos.de\/video\/christopher-gross?vi=125904\" data-type=\"URL\" data-id=\"www.schauspielervideos.de\/video\/christopher-gross?vi=125904\" target=\"_blank\" rel=\"noreferrer noopener\">HIER KLICKEN &#8211; LINK ZU SCHAUSPIELERVIDEOS.DE &#8211; AKTUELLE SYNCHRON- UND SCHAUSPIELREELS<\/a><\/p>\n\n\n\n<p><strong>Aktuelle Szenen im Synchronreel: <\/strong><\/p>\n\n\n\n<p>Auszug aus &#8222;Ozark&#8220; (Netflix) Hauptrolle: Mel Sattem      &#8211; Ruhig, Penetrant, Mysteri\u00f6s<\/p>\n\n\n\n<p>Auszug aus &#8222;Mayans M.C.&#8220; (Sky) als TEX                      &#8211; Rocker, Aggressiv, Laut, \u00dcbersch\u00e4tzend<\/p>\n\n\n\n<p>Auszug aus &#8222;Riverdale&#8220; (Netflix) als Charles                   &#8211; Emotional, \u00c4ngstlich, Psychopatisch\/Killer<\/p>\n\n\n\n<p>Auszug aus &#8222;Teachers&#8220; als Eric                                       &#8211; Comedy, \u00dcbereifrig, Hippelig<\/p>\n\n\n\n<p><\/p>\n\n\n\n<p><strong>Aktuelle Szenen im Schauspielreel:<\/strong><\/p>\n\n\n\n<p>STUNT FIGHT Szene &#8222;Ein neues Leben&#8220; als Antagonist &#8211; B\u00f6sartig, Bedrohlich, Schl\u00e4ger<\/p>\n\n\n\n<p>Auszug aus Crime-Comedy                                              &#8211; Comedy, Kripo, Agent, Nerd<\/p>\n\n\n\n<p>Auszug aus &#8222;Gute Zeiten Schlechte Zeiten&#8220; (RTL)           &#8211; als Dieter Baumeister, Unsympath, Lustig<\/p>\n\n\n\n<p>+ Diverse weitere Produktionen &#8211; Schaut euch gerne mal um. <\/p>\n\n\n\n<p class=\"has-text-align-center\"><a href=\"http:\/\/www.schauspielervideos.de\/video\/christopher-gross?vi=125904\" data-type=\"URL\" data-id=\"www.schauspielervideos.de\/video\/christopher-gross?vi=125904\" target=\"_blank\" rel=\"noreferrer noopener\">HIER KLICKEN zu Schauspielervideos.de<\/a> <\/p>\n\n\n\n<p>Im Bereich H\u00f6rbuch\/H\u00f6rspiel ist er in vielen unterschiedlichen Produktion zu h\u00f6ren. Aktuell steht er gerade f\u00fcr das neue Buch von Bestsellerautor Jando &#8222;Im Himmel gibt es einen Bahnhof&#8220; vor dem Mikrofon.<\/p>\n\n\n\n<figure class=\"wp-block-embed is-type-video is-provider-youtube wp-block-embed-youtube wp-embed-aspect-16-9 wp-has-aspect-ratio\"><div class=\"wp-block-embed__wrapper\">\n<iframe loading=\"lazy\" title=\"Im Himmel gibt es einen Bahnhof\" width=\"1040\" height=\"585\" src=\"https:\/\/www.youtube.com\/embed\/0Jggf6TgDHc?feature=oembed\" frameborder=\"0\" allow=\"accelerometer; autoplay; clipboard-write; encrypted-media; gyroscope; picture-in-picture; web-share\" allowfullscreen><\/iframe>\n<\/div><\/figure>\n\n\n\n<p>Buchtrailer: Gelesen von Christopher Gro\u00df<\/p>\n\n\n\n<p><\/p>\n","protected":false},"excerpt":{"rendered":"<p>Auch vor der Kamera ist er zu sehen. Hier z.B. als etwas griesgr\u00e4miger &#8222;Dieter Baumeister&#8220;<span class=\"more-button\"><a href=\"https:\/\/christophergross.de\/?page_id=69\" class=\"more-link\">Continue reading<span class=\"screen-reader-text\">Videos\/Synchronproben<\/span><\/a><\/span><\/p>\n","protected":false},"author":1,"featured_media":0,"parent":0,"menu_order":0,"comment_status":"closed","ping_status":"closed","template":"","meta":{"footnotes":""},"_links":{"self":[{"href":"https:\/\/christophergross.de\/index.php?rest_route=\/wp\/v2\/pages\/69"}],"collection":[{"href":"https:\/\/christophergross.de\/index.php?rest_route=\/wp\/v2\/pages"}],"about":[{"href":"https:\/\/christophergross.de\/index.php?rest_route=\/wp\/v2\/types\/page"}],"author":[{"embeddable":true,"href":"https:\/\/christophergross.de\/index.php?rest_route=\/wp\/v2\/users\/1"}],"replies":[{"embeddable":true,"href":"https:\/\/christophergross.de\/index.php?rest_route=%2Fwp%2Fv2%2Fcomments&post=69"}],"version-history":[{"count":28,"href":"https:\/\/christophergross.de\/index.php?rest_route=\/wp\/v2\/pages\/69\/revisions"}],"predecessor-version":[{"id":168,"href":"https:\/\/christophergross.de\/index.php?rest_route=\/wp\/v2\/pages\/69\/revisions\/168"}],"wp:attachment":[{"href":"https:\/\/christophergross.de\/index.php?rest_route=%2Fwp%2Fv2%2Fmedia&parent=69"}],"curies":[{"name":"wp","href":"https:\/\/api.w.org\/{rel}","templated":true}]}}